{"id":1000,"date":"2026-01-25T23:33:07","date_gmt":"2026-01-25T21:33:07","guid":{"rendered":"https:\/\/minipitch.lv\/?page_id=1000"},"modified":"2026-04-29T10:46:18","modified_gmt":"2026-04-29T07:46:18","slug":"veseliga-riga","status":"publish","type":"page","link":"https:\/\/minipitch.lv\/en\/veseliga-riga\/","title":{"rendered":"Healthy Riga"},"content":{"rendered":"<div class=\"wp-block-stackable-columns alignfull stk-block-columns stk-block stk-630688b\" data-block-id=\"630688b\"><style>.stk-630688b {margin-top:var(--stk--preset--spacing--70, 3.38rem) !important;margin-bottom:nullpx !important;}<\/style><div class=\"stk-row stk-inner-blocks stk-block-content stk-content-align stk-630688b-column alignwide\">\n<div class=\"wp-block-stackable-column stk-block-column stk-column stk-block stk-645927c\" data-v=\"4\" data-block-id=\"645927c\"><div class=\"stk-column-wrapper stk-block-column__content stk-container stk-645927c-container stk--no-background stk--no-padding\"><div class=\"stk-block-content stk-inner-blocks stk-645927c-inner-blocks\">\n<p class=\"has-text-align-center\">Vesela R\u012bga s\u0101kas ar katru no mums. N\u0101c un pievienojies bezmaksas sporta nodarb\u012bb\u0101m sav\u0101 R\u012bgas apkaim\u0113. Kop\u0101 ar Tevi \u2013 par vienu akt\u012bvu r\u012bdzinieku vair\u0101k!<\/p>\n\n\n\n<div class=\"wp-block-stackable-columns stk-block-columns stk-block stk-8ef3965\" data-block-id=\"8ef3965\"><style>.stk-8ef3965-column{flex-wrap:wrap !important;--stk-flex-grow:0 !important;row-gap:var(--stk--preset--spacing--50, clamp(30px, 5vw, 50px)) !important;}<\/style><div class=\"stk-row stk-inner-blocks stk-block-content stk-content-align stk-8ef3965-column\">\n<div class=\"wp-block-stackable-column stk-block-column stk-column stk-block stk-4c25492\" data-v=\"4\" data-block-id=\"4c25492\"><div class=\"stk-column-wrapper stk-block-column__content stk-container stk-4c25492-container stk--no-background stk--no-padding\"><div class=\"stk-block-content stk-inner-blocks stk-4c25492-inner-blocks\">\n<div class=\"wp-block-stackable-card stk-block-card stk-block stk-915ae97 is-style-default\" data-v=\"2\" data-block-id=\"915ae97\"><style>.stk-915ae97 .stk-block-card__image{height:400px !important;}@media screen and (max-width:689px){.stk-915ae97 .stk-block-card__image{height:182px !important;}.stk-915ae97 .stk-block-card__image img{object-fit:scale-down !important;}}<\/style><div class=\"stk--no-padding stk-container stk-915ae97-container stk--no-background stk--no-padding\"><figure class=\"stk-block-card__image stk-img-wrapper stk-image--shape-stretch\"><img loading=\"lazy\" decoding=\"async\" class=\"stk-img wp-image-738\" src=\"https:\/\/minipitch.lv\/wp-content\/uploads\/2025\/09\/WhatsApp-Image-2025-09-16-at-14.50.09-2.jpeg\" width=\"1600\" height=\"837\" srcset=\"https:\/\/minipitch.lv\/wp-content\/uploads\/2025\/09\/WhatsApp-Image-2025-09-16-at-14.50.09-2.jpeg 1600w, https:\/\/minipitch.lv\/wp-content\/uploads\/2025\/09\/WhatsApp-Image-2025-09-16-at-14.50.09-2-300x157.jpeg 300w, https:\/\/minipitch.lv\/wp-content\/uploads\/2025\/09\/WhatsApp-Image-2025-09-16-at-14.50.09-2-1024x536.jpeg 1024w, https:\/\/minipitch.lv\/wp-content\/uploads\/2025\/09\/WhatsApp-Image-2025-09-16-at-14.50.09-2-768x402.jpeg 768w, https:\/\/minipitch.lv\/wp-content\/uploads\/2025\/09\/WhatsApp-Image-2025-09-16-at-14.50.09-2-1536x804.jpeg 1536w\" sizes=\"auto, (max-width: 1600px) 100vw, 1600px\" \/><\/figure><div class=\"stk-block-card__content\"><div class=\"stk-block-content stk-inner-blocks stk-915ae97-inner-blocks\">\n<div class=\"wp-block-stackable-heading stk-block-heading stk-block-heading--v2 stk-block stk-7a0f122\" id=\"c-title-1-placeholder\" data-block-id=\"7a0f122\"><h3 class=\"stk-block-heading__text\">Bezmaksas IELU VINGRO\u0160ANAS nodarb\u012bbas <\/h3><\/div>\n\n\n\n<div class=\"wp-block-stackable-button-group aligncenter stk-block-button-group stk-block stk-f6f6966\" data-block-id=\"f6f6966\"><div class=\"stk-row stk-inner-blocks stk-block-content stk-button-group\">\n<div class=\"wp-block-stackable-button stk-block-button stk-block stk-c7badd7\" data-block-id=\"c7badd7\"><a class=\"stk-link stk-button stk--hover-effect-darken\" href=\"https:\/\/minipitch.lv\/en\/veseliga-riga\/vingrosana\/\"><span class=\"stk-button__inner-text\">Find out more<\/span><\/a><\/div>\n<\/div><\/div>\n<\/div><\/div><\/div><\/div>\n\n\n\n<div class=\"wp-block-stackable-card stk-block-card stk-block stk-fb12e22 is-style-default\" data-v=\"2\" data-block-id=\"fb12e22\"><style>.stk-fb12e22 .stk-block-card__image{height:400px !important;}@media screen and (max-width:689px){.stk-fb12e22 .stk-block-card__image{height:182px !important;}.stk-fb12e22 .stk-block-card__image img{object-fit:scale-down !important;}}<\/style><div class=\"stk--no-padding stk-container stk-fb12e22-container stk--no-background stk--no-padding\"><figure class=\"stk-block-card__image stk-img-wrapper stk-image--shape-stretch\"><img loading=\"lazy\" decoding=\"async\" class=\"stk-img wp-image-1094\" src=\"https:\/\/minipitch.lv\/wp-content\/uploads\/2026\/02\/nujosana_web-scaled.jpg\" width=\"2560\" height=\"1340\" srcset=\"https:\/\/minipitch.lv\/wp-content\/uploads\/2026\/02\/nujosana_web-scaled.jpg 2560w, https:\/\/minipitch.lv\/wp-content\/uploads\/2026\/02\/nujosana_web-300x157.jpg 300w, https:\/\/minipitch.lv\/wp-content\/uploads\/2026\/02\/nujosana_web-1024x536.jpg 1024w, https:\/\/minipitch.lv\/wp-content\/uploads\/2026\/02\/nujosana_web-768x402.jpg 768w, https:\/\/minipitch.lv\/wp-content\/uploads\/2026\/02\/nujosana_web-1536x804.jpg 1536w, https:\/\/minipitch.lv\/wp-content\/uploads\/2026\/02\/nujosana_web-2048x1072.jpg 2048w, https:\/\/minipitch.lv\/wp-content\/uploads\/2026\/02\/nujosana_web-18x9.jpg 18w\" sizes=\"auto, (max-width: 2560px) 100vw, 2560px\" \/><\/figure><div class=\"stk-block-card__content\"><div class=\"stk-block-content stk-inner-blocks stk-fb12e22-inner-blocks\">\n<div class=\"wp-block-stackable-heading stk-block-heading stk-block-heading--v2 stk-block stk-1ab2a09\" id=\"c-title-1-placeholder\" data-block-id=\"1ab2a09\"><h3 class=\"stk-block-heading__text\">Bezmaksas N\u016aJO\u0160ANAS nodarb\u012bbas <\/h3><\/div>\n\n\n\n<div class=\"wp-block-stackable-button-group aligncenter stk-block-button-group stk-block stk-21d3eba\" data-block-id=\"21d3eba\"><div class=\"stk-row stk-inner-blocks stk-block-content stk-button-group\">\n<div class=\"wp-block-stackable-button stk-block-button stk-block stk-e262cd5\" data-block-id=\"e262cd5\"><a class=\"stk-link stk-button stk--hover-effect-darken\" href=\"https:\/\/minipitch.lv\/en\/veseliga-riga\/nujosana\/\"><span class=\"stk-button__inner-text\">Find out more<\/span><\/a><\/div>\n<\/div><\/div>\n<\/div><\/div><\/div><\/div>\n\n\n\n<div class=\"wp-block-stackable-card stk-block-card stk-block stk-3bd7064 is-style-default\" data-v=\"2\" data-block-id=\"3bd7064\"><style>.stk-3bd7064 .stk-block-card__image{height:400px !important;}@media screen and (max-width:689px){.stk-3bd7064 .stk-block-card__image{height:182px !important;}.stk-3bd7064 .stk-block-card__image img{object-fit:scale-down !important;}}<\/style><div class=\"stk--no-padding stk-container stk-3bd7064-container stk--no-background stk--no-padding\"><figure class=\"stk-block-card__image stk-img-wrapper stk-image--shape-stretch\"><img loading=\"lazy\" decoding=\"async\" class=\"stk-img wp-image-1159\" src=\"https:\/\/minipitch.lv\/wp-content\/uploads\/2026\/04\/roller_web-scaled.jpg\" width=\"2560\" height=\"1340\" srcset=\"https:\/\/minipitch.lv\/wp-content\/uploads\/2026\/04\/roller_web-scaled.jpg 2560w, https:\/\/minipitch.lv\/wp-content\/uploads\/2026\/04\/roller_web-300x157.jpg 300w, https:\/\/minipitch.lv\/wp-content\/uploads\/2026\/04\/roller_web-1024x536.jpg 1024w, https:\/\/minipitch.lv\/wp-content\/uploads\/2026\/04\/roller_web-768x402.jpg 768w, https:\/\/minipitch.lv\/wp-content\/uploads\/2026\/04\/roller_web-1536x804.jpg 1536w, https:\/\/minipitch.lv\/wp-content\/uploads\/2026\/04\/roller_web-2048x1072.jpg 2048w, https:\/\/minipitch.lv\/wp-content\/uploads\/2026\/04\/roller_web-18x9.jpg 18w\" sizes=\"auto, (max-width: 2560px) 100vw, 2560px\" \/><\/figure><div class=\"stk-block-card__content\"><div class=\"stk-block-content stk-inner-blocks stk-3bd7064-inner-blocks\">\n<div class=\"wp-block-stackable-heading stk-block-heading stk-block-heading--v2 stk-block stk-27c6c98\" id=\"c-title-1-placeholder\" data-block-id=\"27c6c98\"><h3 class=\"stk-block-heading__text\">Bezmaksas ROLLER SL\u0112PO\u0160ANAS nodarb\u012bbas<\/h3><\/div>\n\n\n\n<div class=\"wp-block-stackable-button-group aligncenter stk-block-button-group stk-block stk-15e6b70\" data-block-id=\"15e6b70\"><div class=\"stk-row stk-inner-blocks stk-block-content stk-button-group\">\n<div class=\"wp-block-stackable-button stk-block-button stk-block stk-c39a12c\" data-block-id=\"c39a12c\"><a class=\"stk-link stk-button stk--hover-effect-darken\" href=\"https:\/\/minipitch.lv\/en\/veseliga-riga\/sleposana\/\"><span class=\"stk-button__inner-text\">Find out more<\/span><\/a><\/div>\n<\/div><\/div>\n<\/div><\/div><\/div><\/div>\n<\/div><\/div><\/div>\n\n\n\n<div class=\"wp-block-stackable-column stk-block-column stk-column stk-block stk-82a2aff\" data-v=\"4\" data-block-id=\"82a2aff\"><div class=\"stk-column-wrapper stk-block-column__content stk-container stk-82a2aff-container stk--no-background stk--no-padding\"><div class=\"stk-block-content stk-inner-blocks stk-82a2aff-inner-blocks\">\n<div class=\"wp-block-stackable-card stk-block-card stk-block stk-6776d6d is-style-default\" data-v=\"2\" data-block-id=\"6776d6d\"><style>.stk-6776d6d .stk-block-card__image{height:400px !important;}@media screen and (max-width:689px){.stk-6776d6d .stk-block-card__image{height:180px !important;}.stk-6776d6d .stk-block-card__image img{object-fit:scale-down !important;}}<\/style><div class=\"stk--no-padding stk-container stk-6776d6d-container stk--no-background stk--no-padding\"><figure class=\"stk-block-card__image stk-img-wrapper stk-image--shape-stretch\"><img loading=\"lazy\" decoding=\"async\" class=\"stk-img wp-image-1001\" src=\"https:\/\/minipitch.lv\/wp-content\/uploads\/2026\/01\/cigun_web-scaled.jpg\" width=\"2560\" height=\"1340\" srcset=\"https:\/\/minipitch.lv\/wp-content\/uploads\/2026\/01\/cigun_web-scaled.jpg 2560w, https:\/\/minipitch.lv\/wp-content\/uploads\/2026\/01\/cigun_web-300x157.jpg 300w, https:\/\/minipitch.lv\/wp-content\/uploads\/2026\/01\/cigun_web-1024x536.jpg 1024w, https:\/\/minipitch.lv\/wp-content\/uploads\/2026\/01\/cigun_web-768x402.jpg 768w, https:\/\/minipitch.lv\/wp-content\/uploads\/2026\/01\/cigun_web-1536x804.jpg 1536w, https:\/\/minipitch.lv\/wp-content\/uploads\/2026\/01\/cigun_web-2048x1072.jpg 2048w\" sizes=\"auto, (max-width: 2560px) 100vw, 2560px\" \/><\/figure><div class=\"stk-block-card__content\"><div class=\"stk-block-content stk-inner-blocks stk-6776d6d-inner-blocks\">\n<div class=\"wp-block-stackable-heading stk-block-heading stk-block-heading--v2 stk-block stk-7ab147f\" id=\"c-title-2-placeholder\" data-block-id=\"7ab147f\"><h3 class=\"stk-block-heading__text\">Bezmaksas Cigun nodarb\u012bbas<\/h3><\/div>\n\n\n\n<div class=\"wp-block-stackable-button-group stk-block-button-group stk-block stk-24973ae\" data-block-id=\"24973ae\"><div class=\"stk-row stk-inner-blocks stk-block-content stk-button-group\">\n<div class=\"wp-block-stackable-button stk-block-button stk-block stk-97909da\" data-block-id=\"97909da\"><a class=\"stk-link stk-button stk--hover-effect-darken\" href=\"https:\/\/minipitch.lv\/en\/veseliga-riga\/cigun\/\"><span class=\"stk-button__inner-text\">Find out more<\/span><\/a><\/div>\n<\/div><\/div>\n<\/div><\/div><\/div><\/div>\n\n\n\n<div class=\"wp-block-stackable-card stk-block-card stk-block stk-f8b38a9 is-style-default\" data-v=\"2\" data-block-id=\"f8b38a9\"><style>.stk-f8b38a9 .stk-block-card__image{height:400px !important;}@media screen and (max-width:689px){.stk-f8b38a9 .stk-block-card__image{height:180px !important;}.stk-f8b38a9 .stk-block-card__image img{object-fit:scale-down !important;}}<\/style><div class=\"stk--no-padding stk-container stk-f8b38a9-container stk--no-background stk--no-padding\"><figure class=\"stk-block-card__image stk-img-wrapper stk-image--shape-stretch\"><img loading=\"lazy\" decoding=\"async\" class=\"stk-img wp-image-1135\" src=\"https:\/\/minipitch.lv\/wp-content\/uploads\/2026\/03\/skrituli_web-1-scaled.jpg\" width=\"2560\" height=\"1340\" srcset=\"https:\/\/minipitch.lv\/wp-content\/uploads\/2026\/03\/skrituli_web-1-scaled.jpg 2560w, https:\/\/minipitch.lv\/wp-content\/uploads\/2026\/03\/skrituli_web-1-300x157.jpg 300w, https:\/\/minipitch.lv\/wp-content\/uploads\/2026\/03\/skrituli_web-1-1024x536.jpg 1024w, https:\/\/minipitch.lv\/wp-content\/uploads\/2026\/03\/skrituli_web-1-768x402.jpg 768w, https:\/\/minipitch.lv\/wp-content\/uploads\/2026\/03\/skrituli_web-1-1536x804.jpg 1536w, https:\/\/minipitch.lv\/wp-content\/uploads\/2026\/03\/skrituli_web-1-2048x1072.jpg 2048w, https:\/\/minipitch.lv\/wp-content\/uploads\/2026\/03\/skrituli_web-1-18x9.jpg 18w\" sizes=\"auto, (max-width: 2560px) 100vw, 2560px\" \/><\/figure><div class=\"stk-block-card__content\"><div class=\"stk-block-content stk-inner-blocks stk-f8b38a9-inner-blocks\">\n<div class=\"wp-block-stackable-heading stk-block-heading stk-block-heading--v2 stk-block stk-84c100a\" id=\"c-title-2-placeholder\" data-block-id=\"84c100a\"><h3 class=\"stk-block-heading__text\">Bezmaksas Skritu\u013cslido\u0161anas nodarb\u012bbas<\/h3><\/div>\n\n\n\n<div class=\"wp-block-stackable-button-group stk-block-button-group stk-block stk-6b72d61\" data-block-id=\"6b72d61\"><div class=\"stk-row stk-inner-blocks stk-block-content stk-button-group\">\n<div class=\"wp-block-stackable-button stk-block-button stk-block stk-b772164\" data-block-id=\"b772164\"><a class=\"stk-link stk-button stk--hover-effect-darken\" href=\"https:\/\/minipitch.lv\/en\/veseliga-riga\/skritulslidosana\/\"><span class=\"stk-button__inner-text\">Find out more<\/span><\/a><\/div>\n<\/div><\/div>\n<\/div><\/div><\/div><\/div>\n<\/div><\/div><\/div>\n<\/div><\/div>\n<\/div><\/div><\/div>\n<\/div><\/div>\n\n\n\n<p><\/p>","protected":false},"excerpt":{"rendered":"<p>Vesela R\u012bga s\u0101kas ar katru no mums. N\u0101c un pievienojies bezmaksas sporta nodarb\u012bb\u0101m sav\u0101 R\u012bgas apkaim\u0113. Kop\u0101 ar Tevi \u2013 par vienu akt\u012bvu r\u012bdzinieku vair\u0101k! Bezmaksas IELU VINGRO\u0160ANAS nodarb\u012bbas Uzzini vair\u0101k Bezmaksas N\u016aJO\u0160ANAS nodarb\u012bbas Uzzini vair\u0101k Bezmaksas ROLLER SL\u0112PO\u0160ANAS nodarb\u012bbas Uzzini vair\u0101k Bezmaksas Cigun nodarb\u012bbas Uzzini vair\u0101k Bezmaksas Skritu\u013cslido\u0161anas nodarb\u012bbas Uzzini vair\u0101k<\/p>","protected":false},"author":2,"featured_media":0,"parent":0,"menu_order":0,"comment_status":"closed","ping_status":"closed","template":"","meta":{"_acf_changed":false,"footnotes":""},"class_list":["post-1000","page","type-page","status-publish","hentry"],"blocksy_meta":[],"acf":[],"_links":{"self":[{"href":"https:\/\/minipitch.lv\/en\/wp-json\/wp\/v2\/pages\/1000","targetHints":{"allow":["GET"]}}],"collection":[{"href":"https:\/\/minipitch.lv\/en\/wp-json\/wp\/v2\/pages"}],"about":[{"href":"https:\/\/minipitch.lv\/en\/wp-json\/wp\/v2\/types\/page"}],"author":[{"embeddable":true,"href":"https:\/\/minipitch.lv\/en\/wp-json\/wp\/v2\/users\/2"}],"replies":[{"embeddable":true,"href":"https:\/\/minipitch.lv\/en\/wp-json\/wp\/v2\/comments?post=1000"}],"version-history":[{"count":16,"href":"https:\/\/minipitch.lv\/en\/wp-json\/wp\/v2\/pages\/1000\/revisions"}],"predecessor-version":[{"id":1162,"href":"https:\/\/minipitch.lv\/en\/wp-json\/wp\/v2\/pages\/1000\/revisions\/1162"}],"wp:attachment":[{"href":"https:\/\/minipitch.lv\/en\/wp-json\/wp\/v2\/media?parent=1000"}],"curies":[{"name":"wp","href":"https:\/\/api.w.org\/{rel}","templated":true}]}}