{"id":1090,"date":"2026-02-20T11:11:40","date_gmt":"2026-02-20T09:11:40","guid":{"rendered":"https:\/\/minipitch.lv\/?page_id=1090"},"modified":"2026-04-27T11:19:24","modified_gmt":"2026-04-27T08:19:24","slug":"nujosana","status":"publish","type":"page","link":"https:\/\/minipitch.lv\/en\/veseliga-riga\/nujosana\/","title":{"rendered":"Bezmaksas N\u016aJO\u0160ANAS nodarb\u012bbas"},"content":{"rendered":"<p><strong>IN DIFFERENT NEIGHBOURHOODS OF RIGA | FREE<\/strong><\/p>\n\n\n\n<div style=\"height:27px\" aria-hidden=\"true\" class=\"wp-block-spacer\"><\/div>\n\n\n\n<p>Ir laiks jauniem un vesel\u012bgiem ieradumiem! N\u0101c viens vai kop\u0101 ar draugiem, ar pieredzi vai bez t\u0101s, ar sav\u0101m n\u016bj\u0101m vai bez. Svar\u012bg\u0101kais \u2013&nbsp;<strong>vienk\u0101r\u0161i atn\u0101c!<\/strong><\/p>\n\n\n\n<p>Nodarb\u012bbas notiek da\u017e\u0101d\u0101s R\u012bgas apkaim\u0113s un t\u0101s vada sertific\u0113ti un pieredz\u0113ju\u0161i instruktori, nodro\u0161inot dro\u0161u un iedro\u0161ino\u0161u vidi jebkuram treni\u0146a dal\u012bbniekam. Vesel\u012bgas kust\u012bbas, laiks dab\u0101, mier\u012bg\u0101ks pr\u0101ts, k\u0101 ar\u012b socializ\u0113\u0161an\u0101s. Pievienojies un m\u0113s apsol\u0101m \u2013 Tavs \u0137ermenis un pr\u0101ts pateiks paldies!<\/p>\n\n\n<div class=\"gb-container gb-container-22175dda\">\n\n<div style=\"height:50px\" aria-hidden=\"true\" class=\"wp-block-spacer\"><\/div>\n\n<\/div>\n\n<div class=\"gb-grid-wrapper gb-grid-wrapper-186e0305\">\n<div class=\"gb-grid-column gb-grid-column-f79891e0\"><div class=\"gb-container gb-container-f79891e0\">\n\n<figure class=\"wp-block-image size-large\"><img loading=\"lazy\" decoding=\"async\" width=\"1024\" height=\"536\" src=\"https:\/\/minipitch.lv\/wp-content\/uploads\/2026\/02\/nujosana_web-1024x536.jpg\" alt=\"\" class=\"wp-image-1094\" srcset=\"https:\/\/minipitch.lv\/wp-content\/uploads\/2026\/02\/nujosana_web-1024x536.jpg 1024w, https:\/\/minipitch.lv\/wp-content\/uploads\/2026\/02\/nujosana_web-300x157.jpg 300w, https:\/\/minipitch.lv\/wp-content\/uploads\/2026\/02\/nujosana_web-768x402.jpg 768w, https:\/\/minipitch.lv\/wp-content\/uploads\/2026\/02\/nujosana_web-1536x804.jpg 1536w, https:\/\/minipitch.lv\/wp-content\/uploads\/2026\/02\/nujosana_web-2048x1072.jpg 2048w, https:\/\/minipitch.lv\/wp-content\/uploads\/2026\/02\/nujosana_web-18x9.jpg 18w\" sizes=\"auto, (max-width: 1024px) 100vw, 1024px\" \/><\/figure>\n\n<\/div><\/div>\n\n<div class=\"gb-grid-column gb-grid-column-41f1eb1f\"><div class=\"gb-container gb-container-41f1eb1f\">\n<div class=\"gb-container gb-container-a24bcfc5 gb-accordion\">\n<div class=\"gb-container gb-container-441447ea gb-accordion__item\" data-transition=\"slide\">\n\n<button class=\"gb-button gb-button-e24931ca gb-accordion__toggle\" id=\"gb-accordion-toggle-e24931ca\"><span class=\"gb-button-text\"><strong>TIMETABLE<\/strong><\/span><span class=\"gb-icon\"><svg xmlns=\"http:\/\/www.w3.org\/2000\/svg\" viewbox=\"0 0 448 512\" width=\"1em\" height=\"1em\" aria-hidden=\"true\" role=\"img\" class=\"gb-accordion__icon\"><path d=\"M207.029 381.476L12.686 187.132c-9.373-9.373-9.373-24.569 0-33.941l22.667-22.667c9.357-9.357 24.522-9.375 33.901-.04L224 284.505l154.745-154.021c9.379-9.335 24.544-9.317 33.901.04l22.667 22.667c9.373 9.373 9.373 24.569 0 33.941L240.971 381.476c-9.373 9.372-24.569 9.372-33.942 0z\" fill=\"currentColor\"><\/path><\/svg><svg xmlns=\"http:\/\/www.w3.org\/2000\/svg\" viewbox=\"0 0 448 512\" width=\"1em\" height=\"1em\" aria-hidden=\"true\" role=\"img\" class=\"gb-accordion__icon-open\"><path d=\"M240.971 130.524l194.343 194.343c9.373 9.373 9.373 24.569 0 33.941l-22.667 22.667c-9.357 9.357-24.522 9.375-33.901.04L224 227.495 69.255 381.516c-9.379 9.335-24.544 9.317-33.901-.04l-22.667-22.667c-9.373-9.373-9.373-24.569 0-33.941L207.03 130.525c9.372-9.373 24.568-9.373 33.941-.001z\" fill=\"currentColor\"><\/path><\/svg><\/span><\/button>\n\n\n<div id=\"gb-accordion-content-4001148a\" class=\"gb-accordion__content\"><div class=\"gb-container gb-container-4001148a\">\n\n<p class=\"has-text-align-left\">Current timetable\u00a0<strong>2026. gada apr\u012bl\u012b:<\/strong><\/p>\n\n\n\n<figure class=\"gb-block-image gb-block-image-30579e4d\"><img loading=\"lazy\" decoding=\"async\" width=\"2048\" height=\"2560\" class=\"gb-image gb-image-30579e4d\" src=\"https:\/\/minipitch.lv\/wp-content\/uploads\/2026\/03\/Nujosana_grafiks_aprilis-scaled.jpg\" alt=\"\" title=\"Nujosana_grafiks_aprilis\" srcset=\"https:\/\/minipitch.lv\/wp-content\/uploads\/2026\/03\/Nujosana_grafiks_aprilis-scaled.jpg 2048w, https:\/\/minipitch.lv\/wp-content\/uploads\/2026\/03\/Nujosana_grafiks_aprilis-240x300.jpg 240w, https:\/\/minipitch.lv\/wp-content\/uploads\/2026\/03\/Nujosana_grafiks_aprilis-819x1024.jpg 819w, https:\/\/minipitch.lv\/wp-content\/uploads\/2026\/03\/Nujosana_grafiks_aprilis-768x960.jpg 768w, https:\/\/minipitch.lv\/wp-content\/uploads\/2026\/03\/Nujosana_grafiks_aprilis-1229x1536.jpg 1229w, https:\/\/minipitch.lv\/wp-content\/uploads\/2026\/03\/Nujosana_grafiks_aprilis-1638x2048.jpg 1638w, https:\/\/minipitch.lv\/wp-content\/uploads\/2026\/03\/Nujosana_grafiks_aprilis-10x12.jpg 10w\" sizes=\"auto, (max-width: 2048px) 100vw, 2048px\" \/><\/figure>\n\n<\/div><\/div>\n\n<div id=\"gb-accordion-content-7f1c176e\" class=\"gb-accordion__content\"><div class=\"gb-container gb-container-7f1c176e\">\n\n<p class=\"has-text-align-left\">Current timetable\u00a0<strong>2026. gada maij\u0101:<\/strong><\/p>\n\n\n\n<figure class=\"gb-block-image gb-block-image-29b6207a\"><img loading=\"lazy\" decoding=\"async\" width=\"2048\" height=\"2560\" class=\"gb-image gb-image-29b6207a\" src=\"https:\/\/minipitch.lv\/wp-content\/uploads\/2026\/04\/Nujosana_grafiks_maijs-02-scaled.jpg\" alt=\"\" title=\"Nujosana_grafiks_maijs-02\" srcset=\"https:\/\/minipitch.lv\/wp-content\/uploads\/2026\/04\/Nujosana_grafiks_maijs-02-scaled.jpg 2048w, https:\/\/minipitch.lv\/wp-content\/uploads\/2026\/04\/Nujosana_grafiks_maijs-02-240x300.jpg 240w, https:\/\/minipitch.lv\/wp-content\/uploads\/2026\/04\/Nujosana_grafiks_maijs-02-819x1024.jpg 819w, https:\/\/minipitch.lv\/wp-content\/uploads\/2026\/04\/Nujosana_grafiks_maijs-02-768x960.jpg 768w, https:\/\/minipitch.lv\/wp-content\/uploads\/2026\/04\/Nujosana_grafiks_maijs-02-1229x1536.jpg 1229w, https:\/\/minipitch.lv\/wp-content\/uploads\/2026\/04\/Nujosana_grafiks_maijs-02-1638x2048.jpg 1638w, https:\/\/minipitch.lv\/wp-content\/uploads\/2026\/04\/Nujosana_grafiks_maijs-02-10x12.jpg 10w\" sizes=\"auto, (max-width: 2048px) 100vw, 2048px\" \/><\/figure>\n\n<\/div><\/div>\n<\/div>\n\n<div class=\"gb-container gb-container-84d33b3a gb-accordion__item\" data-transition=\"slide\">\n\n<button class=\"gb-button gb-button-c70faff4 gb-accordion__toggle\" id=\"gb-accordion-toggle-c70faff4\"><span class=\"gb-button-text\"><strong>APPLY<\/strong><\/span><span class=\"gb-icon\"><svg xmlns=\"http:\/\/www.w3.org\/2000\/svg\" viewbox=\"0 0 448 512\" width=\"1em\" height=\"1em\" aria-hidden=\"true\" role=\"img\" class=\"gb-accordion__icon\"><path d=\"M207.029 381.476L12.686 187.132c-9.373-9.373-9.373-24.569 0-33.941l22.667-22.667c9.357-9.357 24.522-9.375 33.901-.04L224 284.505l154.745-154.021c9.379-9.335 24.544-9.317 33.901.04l22.667 22.667c9.373 9.373 9.373 24.569 0 33.941L240.971 381.476c-9.373 9.372-24.569 9.372-33.942 0z\" fill=\"currentColor\"><\/path><\/svg><svg xmlns=\"http:\/\/www.w3.org\/2000\/svg\" viewbox=\"0 0 448 512\" width=\"1em\" height=\"1em\" aria-hidden=\"true\" role=\"img\" class=\"gb-accordion__icon-open\"><path d=\"M240.971 130.524l194.343 194.343c9.373 9.373 9.373 24.569 0 33.941l-22.667 22.667c-9.357 9.357-24.522 9.375-33.901.04L224 227.495 69.255 381.516c-9.379 9.335-24.544 9.317-33.901-.04l-22.667-22.667c-9.373-9.373-9.373-24.569 0-33.941L207.03 130.525c9.372-9.373 24.568-9.373 33.941-.001z\" fill=\"currentColor\"><\/path><\/svg><\/span><\/button>\n\n\n<div id=\"gb-accordion-content-57032bc3\" class=\"gb-accordion__content\"><div class=\"gb-container gb-container-57032bc3\">\n\n<p class=\"has-text-align-left\">Apply, <strong>by filling in<\/strong> <strong>form<\/strong> Below.<\/p>\n\n\n\n<p class=\"has-text-align-left\">Vietu skaits ir ierobe\u017eots, t\u0101p\u0113c mudin\u0101m pieteikties laic\u012bgi. Ja v\u0113lies pieteikt ar\u012b draugu \u2013 l\u016bgums aizpild\u012bt pieteikumu par katru dal\u012bbnieku atsevi\u0161\u0137i. <\/p>\n\n\n\n<div style=\"height:32px\" aria-hidden=\"true\" class=\"wp-block-spacer\"><\/div>\n\n\n\n<a class=\"gb-button gb-button-fb6bf979 gb-button-text\" href=\"https:\/\/ej.uz\/nujot\" target=\"_blank\" rel=\"noopener noreferrer\"><strong>APPLY<\/strong><\/a>\n\n<\/div><\/div>\n<\/div>\n\n<div class=\"gb-container gb-container-e90cd54a gb-accordion__item\" data-transition=\"slide\">\n<div id=\"gb-accordion-content-0e16beed\" class=\"gb-accordion__content\"><div class=\"gb-container gb-container-0e16beed\">\n\n<p class=\"has-text-align-left\">Current timetable&nbsp;<strong>September:<\/strong><\/p>\n\n\n\n<figure class=\"wp-block-image size-large\"><img loading=\"lazy\" decoding=\"async\" width=\"822\" height=\"1024\" src=\"https:\/\/minipitch.lv\/wp-content\/uploads\/2025\/09\/WhatsApp-Image-2025-09-16-at-16.34.01-822x1024.jpeg\" alt=\"\" class=\"wp-image-739\" srcset=\"https:\/\/minipitch.lv\/wp-content\/uploads\/2025\/09\/WhatsApp-Image-2025-09-16-at-16.34.01-822x1024.jpeg 822w, https:\/\/minipitch.lv\/wp-content\/uploads\/2025\/09\/WhatsApp-Image-2025-09-16-at-16.34.01-241x300.jpeg 241w, https:\/\/minipitch.lv\/wp-content\/uploads\/2025\/09\/WhatsApp-Image-2025-09-16-at-16.34.01-768x956.jpeg 768w, https:\/\/minipitch.lv\/wp-content\/uploads\/2025\/09\/WhatsApp-Image-2025-09-16-at-16.34.01.jpeg 1084w\" sizes=\"auto, (max-width: 822px) 100vw, 822px\" \/><\/figure>\n\n<\/div><\/div>\n<\/div>\n<\/div>\n<\/div><\/div>\n<\/div>\n\n<div class=\"gb-container gb-container-48477bfe\">\n\n<div style=\"height:39px\" aria-hidden=\"true\" class=\"wp-block-spacer\"><\/div>\n\n\n\n<p>Feel free to contact us with any questions! <\/p>\n\n\n\n<p><strong>veselariga@lidlarena.lv |<\/strong> <strong>+371 22543770<\/strong><\/p>\n\n\n\n<div style=\"height:29px\" aria-hidden=\"true\" class=\"wp-block-spacer\"><\/div>\n\n\n\n<a class=\"gb-button gb-button-40a268ac gb-button-text\" href=\"https:\/\/ej.uz\/nujot\" target=\"_blank\" rel=\"noopener noreferrer\"><strong>PIETEIKTIES N\u016aJOT<\/strong><\/a>\n\n<\/div>\n\n\n<div style=\"height:32px\" aria-hidden=\"true\" class=\"wp-block-spacer\"><\/div>\n\n\n\n<blockquote class=\"wp-block-quote is-layout-flow wp-block-quote-is-layout-flow\">\n<p>The service is provided by the European Social Fund Plus project No 4.1.2.2\/1\/24\/I\/020 \u201cWe for a Healthy Riga!\u201d .<\/p>\n<\/blockquote>","protected":false},"excerpt":{"rendered":"<p>DA\u017d\u0100D\u0100S R\u012aGAS APKAIM\u0112S | BEZ MAKSAS Ir laiks jauniem un vesel\u012bgiem ieradumiem! N\u0101c viens vai kop\u0101 ar draugiem, ar pieredzi vai bez t\u0101s, ar sav\u0101m n\u016bj\u0101m vai bez. Svar\u012bg\u0101kais \u2013&nbsp;vienk\u0101r\u0161i atn\u0101c! Nodarb\u012bbas notiek da\u017e\u0101d\u0101s R\u012bgas apkaim\u0113s un t\u0101s vada sertific\u0113ti un pieredz\u0113ju\u0161i instruktori, nodro\u0161inot dro\u0161u un iedro\u0161ino\u0161u vidi jebkuram treni\u0146a dal\u012bbniekam. Vesel\u012bgas kust\u012bbas, laiks dab\u0101, [&hellip;]<\/p>","protected":false},"author":2,"featured_media":0,"parent":1000,"menu_order":0,"comment_status":"closed","ping_status":"closed","template":"","meta":{"_acf_changed":false,"footnotes":""},"class_list":["post-1090","page","type-page","status-publish","hentry"],"blocksy_meta":[],"acf":[],"_links":{"self":[{"href":"https:\/\/minipitch.lv\/en\/wp-json\/wp\/v2\/pages\/1090","targetHints":{"allow":["GET"]}}],"collection":[{"href":"https:\/\/minipitch.lv\/en\/wp-json\/wp\/v2\/pages"}],"about":[{"href":"https:\/\/minipitch.lv\/en\/wp-json\/wp\/v2\/types\/page"}],"author":[{"embeddable":true,"href":"https:\/\/minipitch.lv\/en\/wp-json\/wp\/v2\/users\/2"}],"replies":[{"embeddable":true,"href":"https:\/\/minipitch.lv\/en\/wp-json\/wp\/v2\/comments?post=1090"}],"version-history":[{"count":7,"href":"https:\/\/minipitch.lv\/en\/wp-json\/wp\/v2\/pages\/1090\/revisions"}],"predecessor-version":[{"id":1151,"href":"https:\/\/minipitch.lv\/en\/wp-json\/wp\/v2\/pages\/1090\/revisions\/1151"}],"up":[{"embeddable":true,"href":"https:\/\/minipitch.lv\/en\/wp-json\/wp\/v2\/pages\/1000"}],"wp:attachment":[{"href":"https:\/\/minipitch.lv\/en\/wp-json\/wp\/v2\/media?parent=1090"}],"curies":[{"name":"wp","href":"https:\/\/api.w.org\/{rel}","templated":true}]}}