{"id":1152,"date":"2026-04-29T10:10:34","date_gmt":"2026-04-29T07:10:34","guid":{"rendered":"https:\/\/minipitch.lv\/?page_id=1152"},"modified":"2026-04-29T10:44:59","modified_gmt":"2026-04-29T07:44:59","slug":"sleposana","status":"publish","type":"page","link":"https:\/\/minipitch.lv\/en\/veseliga-riga\/sleposana\/","title":{"rendered":"Bezmaksas ROLLER SL\u0112PO\u0160ANAS nodarb\u012bbas"},"content":{"rendered":"<p><strong>R\u012aG\u0100 | BEZ MAKSAS<\/strong><\/p>\n\n\n\n<div style=\"height:27px\" aria-hidden=\"true\" class=\"wp-block-spacer\"><\/div>\n\n\n\n<p>Aicin\u0101m pieaugu\u0161os R\u012bg\u0101 apg\u016bt rollersl\u0113po\u0161anas prasmes bezmaksas nodarb\u012bb\u0101s! Neatkar\u012bgi no t\u0101, vai \u0161is b\u016bs tavs pirmais m\u0113\u0123in\u0101jums nost\u0101ties uz rollersl\u0113p\u0113m, vai ar\u012b v\u0113lies pilnveidot savu tehniku un uzlabot fizisko formu, sertific\u0113ti instruktori pal\u012bdz\u0113s tev justies dro\u0161i un p\u0101rliecin\u0101ti.<\/p>\n\n\n\n<p>Rollersl\u0113po\u0161ana ir lielisks veids, k\u0101 uztur\u0113t sportisko formu un apg\u016bt sl\u0113po\u0161anas prasmes ar\u012b bez sniega. Nodarb\u012bbas notiek dro\u0161\u0101 vid\u0113, un to m\u0113r\u0137is ir ne tikai veicin\u0101t fizisko aktivit\u0101ti, bet ar\u012b izgl\u012btot par dro\u0161u tehniku un pareizu aizsargekip\u0113juma lieto\u0161anu.<\/p>\n\n\n<div class=\"gb-container gb-container-22175dda\">\n\n<div style=\"height:50px\" aria-hidden=\"true\" class=\"wp-block-spacer\"><\/div>\n\n<\/div>\n\n<div class=\"gb-grid-wrapper gb-grid-wrapper-186e0305\">\n<div class=\"gb-grid-column gb-grid-column-f79891e0\"><div class=\"gb-container gb-container-f79891e0\">\n\n<figure class=\"wp-block-image size-large\"><img loading=\"lazy\" decoding=\"async\" width=\"1024\" height=\"536\" src=\"https:\/\/minipitch.lv\/wp-content\/uploads\/2026\/04\/roller_web-1024x536.jpg\" alt=\"\" class=\"wp-image-1159\" srcset=\"https:\/\/minipitch.lv\/wp-content\/uploads\/2026\/04\/roller_web-1024x536.jpg 1024w, https:\/\/minipitch.lv\/wp-content\/uploads\/2026\/04\/roller_web-300x157.jpg 300w, https:\/\/minipitch.lv\/wp-content\/uploads\/2026\/04\/roller_web-768x402.jpg 768w, https:\/\/minipitch.lv\/wp-content\/uploads\/2026\/04\/roller_web-1536x804.jpg 1536w, https:\/\/minipitch.lv\/wp-content\/uploads\/2026\/04\/roller_web-2048x1072.jpg 2048w, https:\/\/minipitch.lv\/wp-content\/uploads\/2026\/04\/roller_web-18x9.jpg 18w\" sizes=\"auto, (max-width: 1024px) 100vw, 1024px\" \/><\/figure>\n\n<\/div><\/div>\n\n<div class=\"gb-grid-column gb-grid-column-41f1eb1f\"><div class=\"gb-container gb-container-41f1eb1f\">\n<div class=\"gb-container gb-container-a24bcfc5 gb-accordion\">\n<div class=\"gb-container gb-container-441447ea gb-accordion__item\" data-transition=\"slide\">\n\n<button class=\"gb-button gb-button-e24931ca gb-accordion__toggle\" id=\"gb-accordion-toggle-e24931ca\"><span class=\"gb-button-text\"><strong>TIMETABLE<\/strong><\/span><span class=\"gb-icon\"><svg xmlns=\"http:\/\/www.w3.org\/2000\/svg\" viewbox=\"0 0 448 512\" width=\"1em\" height=\"1em\" aria-hidden=\"true\" role=\"img\" class=\"gb-accordion__icon\"><path d=\"M207.029 381.476L12.686 187.132c-9.373-9.373-9.373-24.569 0-33.941l22.667-22.667c9.357-9.357 24.522-9.375 33.901-.04L224 284.505l154.745-154.021c9.379-9.335 24.544-9.317 33.901.04l22.667 22.667c9.373 9.373 9.373 24.569 0 33.941L240.971 381.476c-9.373 9.372-24.569 9.372-33.942 0z\" fill=\"currentColor\"><\/path><\/svg><svg xmlns=\"http:\/\/www.w3.org\/2000\/svg\" viewbox=\"0 0 448 512\" width=\"1em\" height=\"1em\" aria-hidden=\"true\" role=\"img\" class=\"gb-accordion__icon-open\"><path d=\"M240.971 130.524l194.343 194.343c9.373 9.373 9.373 24.569 0 33.941l-22.667 22.667c-9.357 9.357-24.522 9.375-33.901.04L224 227.495 69.255 381.516c-9.379 9.335-24.544 9.317-33.901-.04l-22.667-22.667c-9.373-9.373-9.373-24.569 0-33.941L207.03 130.525c9.372-9.373 24.568-9.373 33.941-.001z\" fill=\"currentColor\"><\/path><\/svg><\/span><\/button>\n\n\n<div id=\"gb-accordion-content-4001148a\" class=\"gb-accordion__content\"><div class=\"gb-container gb-container-4001148a\">\n\n<p class=\"has-text-align-left\">Piesakies nodarb\u012bb\u0101m! Ar tevi sazin\u0101sies organizators un atkar\u012bb\u0101 no tavas sagatavot\u012bbas pak\u0101pes pied\u0101v\u0101s pievienoties k\u0101dai no treni\u0146u grup\u0101m.<\/p>\n\n\n\n<p class=\"has-text-align-left\">Nodarb\u012bbas norisin\u0101s darba dienu vakaros un br\u012bvdien\u0101s.<\/p>\n\n\n\n<p class=\"has-text-align-left\">Nodarb\u012bbu lok\u0101cija Bi\u0137ernieku trase un Me\u017eaparks.<\/p>\n\n\n\n<p><\/p>\n\n<\/div><\/div>\n<\/div>\n\n<div class=\"gb-container gb-container-84d33b3a gb-accordion__item\" data-transition=\"slide\">\n\n<button class=\"gb-button gb-button-c70faff4 gb-accordion__toggle\" id=\"gb-accordion-toggle-c70faff4\"><span class=\"gb-button-text\"><strong>APPLY<\/strong><\/span><span class=\"gb-icon\"><svg xmlns=\"http:\/\/www.w3.org\/2000\/svg\" viewbox=\"0 0 448 512\" width=\"1em\" height=\"1em\" aria-hidden=\"true\" role=\"img\" class=\"gb-accordion__icon\"><path d=\"M207.029 381.476L12.686 187.132c-9.373-9.373-9.373-24.569 0-33.941l22.667-22.667c9.357-9.357 24.522-9.375 33.901-.04L224 284.505l154.745-154.021c9.379-9.335 24.544-9.317 33.901.04l22.667 22.667c9.373 9.373 9.373 24.569 0 33.941L240.971 381.476c-9.373 9.372-24.569 9.372-33.942 0z\" fill=\"currentColor\"><\/path><\/svg><svg xmlns=\"http:\/\/www.w3.org\/2000\/svg\" viewbox=\"0 0 448 512\" width=\"1em\" height=\"1em\" aria-hidden=\"true\" role=\"img\" class=\"gb-accordion__icon-open\"><path d=\"M240.971 130.524l194.343 194.343c9.373 9.373 9.373 24.569 0 33.941l-22.667 22.667c-9.357 9.357-24.522 9.375-33.901.04L224 227.495 69.255 381.516c-9.379 9.335-24.544 9.317-33.901-.04l-22.667-22.667c-9.373-9.373-9.373-24.569 0-33.941L207.03 130.525c9.372-9.373 24.568-9.373 33.941-.001z\" fill=\"currentColor\"><\/path><\/svg><\/span><\/button>\n\n\n<div id=\"gb-accordion-content-57032bc3\" class=\"gb-accordion__content\"><div class=\"gb-container gb-container-57032bc3\">\n\n<p class=\"has-text-align-left\">Apply, <strong>by filling in<\/strong> <strong>form<\/strong> Below.<\/p>\n\n\n\n<p class=\"has-text-align-left\">Vietu skaits ir ierobe\u017eots, t\u0101p\u0113c mudin\u0101m pieteikties laic\u012bgi. Ja v\u0113lies pieteikt ar\u012b draugu \u2013 l\u016bgums aizpild\u012bt pieteikumu par katru dal\u012bbnieku atsevi\u0161\u0137i. <\/p>\n\n\n\n<div style=\"height:32px\" aria-hidden=\"true\" class=\"wp-block-spacer\"><\/div>\n\n\n\n<a class=\"gb-button gb-button-fb6bf979 gb-button-text\" href=\"https:\/\/ej.uz\/slepotaji\" target=\"_blank\" rel=\"noopener noreferrer\"><strong>APPLY<\/strong><\/a>\n\n<\/div><\/div>\n<\/div>\n\n<div class=\"gb-container gb-container-e90cd54a gb-accordion__item\" data-transition=\"slide\">\n<div id=\"gb-accordion-content-0e16beed\" class=\"gb-accordion__content\"><div class=\"gb-container gb-container-0e16beed\">\n\n<p class=\"has-text-align-left\">Current timetable&nbsp;<strong>September:<\/strong><\/p>\n\n\n\n<figure class=\"wp-block-image size-large\"><img loading=\"lazy\" decoding=\"async\" width=\"822\" height=\"1024\" src=\"https:\/\/minipitch.lv\/wp-content\/uploads\/2025\/09\/WhatsApp-Image-2025-09-16-at-16.34.01-822x1024.jpeg\" alt=\"\" class=\"wp-image-739\" srcset=\"https:\/\/minipitch.lv\/wp-content\/uploads\/2025\/09\/WhatsApp-Image-2025-09-16-at-16.34.01-822x1024.jpeg 822w, https:\/\/minipitch.lv\/wp-content\/uploads\/2025\/09\/WhatsApp-Image-2025-09-16-at-16.34.01-241x300.jpeg 241w, https:\/\/minipitch.lv\/wp-content\/uploads\/2025\/09\/WhatsApp-Image-2025-09-16-at-16.34.01-768x956.jpeg 768w, https:\/\/minipitch.lv\/wp-content\/uploads\/2025\/09\/WhatsApp-Image-2025-09-16-at-16.34.01.jpeg 1084w\" sizes=\"auto, (max-width: 822px) 100vw, 822px\" \/><\/figure>\n\n<\/div><\/div>\n<\/div>\n<\/div>\n<\/div><\/div>\n<\/div>\n\n<div class=\"gb-container gb-container-48477bfe\">\n\n<div style=\"height:39px\" aria-hidden=\"true\" class=\"wp-block-spacer\"><\/div>\n\n\n\n<p>Feel free to contact us with any questions! <\/p>\n\n\n\n<p><strong>veselariga@lidlarena.lv |<\/strong> <strong>+371 22543770<\/strong><\/p>\n\n\n\n<div style=\"height:29px\" aria-hidden=\"true\" class=\"wp-block-spacer\"><\/div>\n\n\n\n<a class=\"gb-button gb-button-40a268ac gb-button-text\" href=\"https:\/\/ej.uz\/slepotaji\" target=\"_blank\" rel=\"noopener noreferrer\"><strong>PIETEIKTIES SL\u0112POT<\/strong><\/a>\n\n<\/div>\n\n\n<div style=\"height:32px\" aria-hidden=\"true\" class=\"wp-block-spacer\"><\/div>\n\n\n\n<blockquote class=\"wp-block-quote is-layout-flow wp-block-quote-is-layout-flow\">\n<p>Pakalpojums tiek nodro\u0161in\u0101ts R\u012bgas domes Labkl\u0101j\u012bbas departamenta atbalstu<\/p>\n<\/blockquote>\n\n\n\n<p><\/p>","protected":false},"excerpt":{"rendered":"<p>R\u012aG\u0100 | BEZ MAKSAS Aicin\u0101m pieaugu\u0161os R\u012bg\u0101 apg\u016bt rollersl\u0113po\u0161anas prasmes bezmaksas nodarb\u012bb\u0101s! Neatkar\u012bgi no t\u0101, vai \u0161is b\u016bs tavs pirmais m\u0113\u0123in\u0101jums nost\u0101ties uz rollersl\u0113p\u0113m, vai ar\u012b v\u0113lies pilnveidot savu tehniku un uzlabot fizisko formu, sertific\u0113ti instruktori pal\u012bdz\u0113s tev justies dro\u0161i un p\u0101rliecin\u0101ti. Rollersl\u0113po\u0161ana ir lielisks veids, k\u0101 uztur\u0113t sportisko formu un apg\u016bt sl\u0113po\u0161anas prasmes ar\u012b [&hellip;]<\/p>\n","protected":false},"author":2,"featured_media":0,"parent":1000,"menu_order":0,"comment_status":"closed","ping_status":"closed","template":"","meta":{"_acf_changed":false,"footnotes":""},"class_list":["post-1152","page","type-page","status-publish","hentry"],"blocksy_meta":[],"acf":[],"_links":{"self":[{"href":"https:\/\/minipitch.lv\/en\/wp-json\/wp\/v2\/pages\/1152","targetHints":{"allow":["GET"]}}],"collection":[{"href":"https:\/\/minipitch.lv\/en\/wp-json\/wp\/v2\/pages"}],"about":[{"href":"https:\/\/minipitch.lv\/en\/wp-json\/wp\/v2\/types\/page"}],"author":[{"embeddable":true,"href":"https:\/\/minipitch.lv\/en\/wp-json\/wp\/v2\/users\/2"}],"replies":[{"embeddable":true,"href":"https:\/\/minipitch.lv\/en\/wp-json\/wp\/v2\/comments?post=1152"}],"version-history":[{"count":3,"href":"https:\/\/minipitch.lv\/en\/wp-json\/wp\/v2\/pages\/1152\/revisions"}],"predecessor-version":[{"id":1161,"href":"https:\/\/minipitch.lv\/en\/wp-json\/wp\/v2\/pages\/1152\/revisions\/1161"}],"up":[{"embeddable":true,"href":"https:\/\/minipitch.lv\/en\/wp-json\/wp\/v2\/pages\/1000"}],"wp:attachment":[{"href":"https:\/\/minipitch.lv\/en\/wp-json\/wp\/v2\/media?parent=1152"}],"curies":[{"name":"wp","href":"https:\/\/api.w.org\/{rel}","templated":true}]}}