{"id":368,"date":"2024-09-11T13:49:50","date_gmt":"2024-09-11T10:49:50","guid":{"rendered":"https:\/\/minipitch.lv\/?page_id=368"},"modified":"2025-10-17T16:47:04","modified_gmt":"2025-10-17T13:47:04","slug":"dokumenti","status":"publish","type":"page","link":"https:\/\/minipitch.lv\/en\/dokumenti\/","title":{"rendered":"DOCUMENTS"},"content":{"rendered":"<div style=\"height:15px\" aria-hidden=\"true\" class=\"wp-block-spacer\"><\/div>\n\n\n\n<p><a href=\"https:\/\/minipitch.lv\/en\/privatuma-politika\/\">Privacy Policy<\/a><\/p>\n\n\n\n<div style=\"height:16px\" aria-hidden=\"true\" class=\"wp-block-spacer\"><\/div>\n\n\n\n<p><a href=\"https:\/\/forms.gle\/Cx7beiAwPvcQHN1v5\">Membership application for potential members<\/a><\/p>\n\n\n\n<div style=\"height:16px\" aria-hidden=\"true\" class=\"wp-block-spacer\"><\/div>\n\n\n\n<p><a href=\"https:\/\/minipitch.lv\/wp-content\/uploads\/2024\/09\/Attistibas-strategija-v2.pdf\">Society strategy<\/a><\/p>\n\n\n\n<div style=\"height:16px\" aria-hidden=\"true\" class=\"wp-block-spacer\"><\/div>\n\n\n\n<p><a href=\"https:\/\/minipitch.lv\/wp-content\/uploads\/2025\/10\/Mini-pitch_PIF.pdf\" data-type=\"link\" data-id=\"https:\/\/minipitch.lv\/wp-content\/uploads\/2025\/10\/Mini-pitch_PIF.pdf\">Mini-Pitch Partner Identification Form<\/a><\/p>\n\n\n\n<p><\/p>","protected":false},"excerpt":{"rendered":"<p>Priv\u0101tuma politika Dal\u012bbas pieteikums potenci\u0101lajiem biedriem Biedr\u012bbas strat\u0113\u0123ija Mini-Pitch Partner Identification Form<\/p>","protected":false},"author":2,"featured_media":0,"parent":0,"menu_order":0,"comment_status":"closed","ping_status":"closed","template":"","meta":{"_acf_changed":false,"footnotes":""},"class_list":["post-368","page","type-page","status-publish","hentry"],"blocksy_meta":[],"acf":[],"_links":{"self":[{"href":"https:\/\/minipitch.lv\/en\/wp-json\/wp\/v2\/pages\/368","targetHints":{"allow":["GET"]}}],"collection":[{"href":"https:\/\/minipitch.lv\/en\/wp-json\/wp\/v2\/pages"}],"about":[{"href":"https:\/\/minipitch.lv\/en\/wp-json\/wp\/v2\/types\/page"}],"author":[{"embeddable":true,"href":"https:\/\/minipitch.lv\/en\/wp-json\/wp\/v2\/users\/2"}],"replies":[{"embeddable":true,"href":"https:\/\/minipitch.lv\/en\/wp-json\/wp\/v2\/comments?post=368"}],"version-history":[{"count":7,"href":"https:\/\/minipitch.lv\/en\/wp-json\/wp\/v2\/pages\/368\/revisions"}],"predecessor-version":[{"id":801,"href":"https:\/\/minipitch.lv\/en\/wp-json\/wp\/v2\/pages\/368\/revisions\/801"}],"wp:attachment":[{"href":"https:\/\/minipitch.lv\/en\/wp-json\/wp\/v2\/media?parent=368"}],"curies":[{"name":"wp","href":"https:\/\/api.w.org\/{rel}","templated":true}]}}