{"id":600,"date":"2025-07-09T09:02:22","date_gmt":"2025-07-09T06:02:22","guid":{"rendered":"https:\/\/minipitch.lv\/?page_id=600"},"modified":"2025-07-09T09:02:22","modified_gmt":"2025-07-09T06:02:22","slug":"privatuma-politika","status":"publish","type":"page","link":"https:\/\/minipitch.lv\/en\/privatuma-politika\/","title":{"rendered":"Privacy Policy"},"content":{"rendered":"<h4 class=\"wp-block-heading\">1. Kas m\u0113s esam?<\/h4>\n\n\n\n<p>M\u0113s esam biedr\u012bba \u201cMini-pitch\u201d, kura darbojas ar m\u0113r\u0137i veicin\u0101t jaunie\u0161u iesaisti, att\u012bst\u012bt sporta pieejam\u012bbu un uzlabot viet\u0113jo kopienu dz\u012bves kvalit\u0101ti caur sportu, izgl\u012bt\u012bbu un soci\u0101lu l\u012bdzdal\u012bbu. M\u0113s organiz\u0113jam pas\u0101kumus, rado\u0161as iniciat\u012bvas un sadarbojamies ar viet\u0113jiem un starptautiskiem partneriem, lai veidotu iek\u013caujo\u0161u un akt\u012bvu sabiedr\u012bbu.<\/p>\n\n\n\n<h4 class=\"wp-block-heading\">2. K\u0101 sazin\u0101ties ar mums<\/h4>\n\n\n\n<p>Ja jums ir jaut\u0101jumi par \u0161o priv\u0101tuma politiku, sazinieties ar mums:<br>&#8211; E-pasts: info@minipitch.lv<br>&#8211; Pasta adrese: Lielirbes iela 1, LV-1046, R\u012bga<\/p>\n\n\n\n<h4 class=\"wp-block-heading\">3. K\u0101da veida inform\u0101ciju m\u0113s iev\u0101c\u0101m un k\u0101p\u0113c?<\/h4>\n\n\n\n<h5 class=\"wp-block-heading\">3.1. Kad apmekl\u0113jat m\u016bsu m\u0101jaslapu:<\/h5>\n\n\n\n<p>M\u0113s varam iev\u0101kt \u0161\u0101du inform\u0101ciju:<br>&#8211; IP adrese<br>&#8211; P\u0101rl\u016bkprogrammas tips un versija<br>&#8211; Apmekl\u0113t\u0101s lapas<br>&#8211; Ier\u012bces valodas un laika josla<br>&#8211; Laiks, ko pavad\u0101t lap\u0101s<br>&#8211; Ier\u012bces identifikatori<br>&#8211; Iesp\u0113jami dati par ISP vai mobilo operatoru<br>&#8211; Klik\u0161\u0137i, ritin\u0101\u0161ana, peles darb\u012bbas<br>&#8211; Lejupiel\u0101des k\u013c\u016bdas<br>&#8211; URL un p\u0101rl\u016bko\u0161anas ce\u013c\u0161<br>&#8211; T\u0101pat ar\u012b noteikta lietot\u0101ja koordin\u0101tas (ja pieejamas)<br><br>Izmanto\u0161anas m\u0113r\u0137is:<br>&#8211; Saglab\u0101t m\u0101jaslapas darb\u012bbu un lietot\u0101ja pieredzi maksim\u0101li efekt\u012bvu<br>&#8211; Uzlabot t\u012bmek\u013ca vietnes funkcionalit\u0101ti un saturu<br>&#8211; Analiz\u0113t apmekl\u0113jumu tendences un dati<\/p>\n\n\n\n<h4 class=\"wp-block-heading\">3.2. Kad sazinaties ar mums (veidojat pieteikumu, atgriezenisko saiti utt.)<\/h4>\n\n\n\n<p>Varam apstr\u0101d\u0101t:<br>&#8211; V\u0101rdu, uzv\u0101rdu<br>&#8211; E\u2011pastu, telefona numuru<br>&#8211; Dz\u012bvesvietas valsti\/pils\u0113tu<br>&#8211; Soci\u0101lo mediju kontu<br>&#8211; Aizpild\u012bt\u0101s anketas vai aptaujas atbildes<br>&#8211; Zvanus, zi\u0146ojumus<br><br>Izmanto\u0161anas m\u0113r\u0137i:<br>&#8211; J\u016bsu jaut\u0101jumu atbild\u0113\u0161ana<br>&#8211; Projektu dal\u012bbnieku un br\u012bvpr\u0101t\u012bgo vad\u012bba<br>&#8211; Pas\u0101kumu organiz\u0113\u0161ana un dal\u012bbnieku aptaujas<\/p>\n\n\n\n<h4 class=\"wp-block-heading\">3.3. Kad piedal\u0101ties pas\u0101kumos\/projektos<\/h4>\n\n\n\n<p>M\u0113s varam v\u0101kt:<br>&#8211; Identifik\u0101cijas un kontaktinform\u0101ciju<br>&#8211; Dal\u012bbas un uztur\u0113\u0161an\u0101s datus<br>&#8211; P\u0101rtikas vai \u012bpa\u0161as vajadz\u012bbas<br><br>Izmanto\u0161anas m\u0113r\u0137i:<br>&#8211; Pas\u0101kumu organiz\u0113\u0161ana un kvalit\u0101tes uzlabo\u0161ana<br>&#8211; Komunik\u0101cija un lab\u0101ka pl\u0101no\u0161ana<\/p>\n\n\n\n<h4 class=\"wp-block-heading\">4. Ar ko m\u0113s kop\u012bgojam j\u016bsu inform\u0101ciju<\/h4>\n\n\n\n<p>&#8211; M\u016bsu pakalpojumu sniedz\u0113jiem un partneriem<br>&#8211; M\u0101jaslapas anal\u012bzei, lai pied\u0101v\u0101tu Jums konkr\u0113tu pakalpojumu<br>&#8211; IT atbalstu<br>&#8211; Pas\u0101kumu lo\u0123istiku<br>&#8211; Citiem m\u016bsu organiz\u0101cijas biedriem<br>&#8211; citiem lietot\u0101jiem, kad j\u016bs mijiedarbojaties publiskaj\u0101s zon\u0101s ar citiem lietot\u0101jiem, \u0161\u0101du inform\u0101ciju var apskat\u012bt visi lietot\u0101ji un t\u0101 var tikt publiski izplat\u012bta \u0101rpus\u0113. Ja re\u0123istr\u0113jaties, izmantojot tre\u0161\u0101s personas soci\u0101lo pla\u0161sazi\u0146as l\u012bdzek\u013cu pakalpojumu, J\u016bsu kontakti tre\u0161\u0101s personas soci\u0101lo pla\u0161sazi\u0146as l\u012bdzek\u013cu pakalpojum\u0101 var redz\u0113t J\u016bsu v\u0101rdu, profilu, att\u0113lus un J\u016bsu darb\u012bbas aprakstu.<\/p>\n\n\n\n<h4 class=\"wp-block-heading\">5. K\u0101 m\u0113s aizsarg\u0101jam j\u016bsu datus<\/h4>\n\n\n\n<p>M\u0113s \u012bstenojam \u0161\u0101dus pas\u0101kumus:<br>&#8211; Tehnisk\u0101s un organizatorisk\u0101s dro\u0161\u012bbas kontroles<br>&#8211; Piek\u013cuves ierobe\u017eojumi tikai person\u0101m, kur\u0101m tie nepiecie\u0161ami<br>&#8211; L\u012bgumos paredz\u0113ti datu aizsardz\u012bbas nosac\u012bjumi ar\u012b m\u016bsu pakalpojumu sniedz\u0113jiem<\/p>\n\n\n\n<h4 class=\"wp-block-heading\">6. Kad j\u016bsu inform\u0101ciju var b\u016bt nepiecie\u0161ams atkl\u0101t<\/h4>\n\n\n\n<p>&#8211; Uz\u0146\u0113mumu apvieno\u0161an\u0101s, p\u0101r\u0146em\u0161anas vai reorganiz\u0101cijas gad\u012bjum\u0101<br>&#8211; Normat\u012bvo aktu, tiesas vai cit\u0101du juridisku pras\u012bbu izpildei<br>&#8211; Lai aizsarg\u0101tu biedr\u012bbas ties\u012bbas, dro\u0161\u012bbu vai nov\u0113rstu nelikum\u012bgas darb\u012bbas<\/p>\n\n\n\n<h4 class=\"wp-block-heading\">7. Cik ilgi m\u0113s glab\u0101jam j\u016bsu datus<\/h4>\n\n\n\n<p>&#8211; Tik ilgi, kam\u0113r tas ir nepiecie\u0161ams, lai izpild\u012btu attiec\u012bgo m\u0113r\u0137i<br>&#8211; Ja iest\u0101jas juridiskas pras\u012bbas, datu aizsardz\u012bbas pras\u012bbas vai s\u016bdz\u012bbu izskat\u012b\u0161ana<br>&#8211; Da\u017eos gad\u012bjumos \u2013 uz nenoteiktu laiku anonimiz\u0113tiem m\u0113r\u0137iem (p\u0113t\u012bjumiem, statistikai)<\/p>\n\n\n\n<h4 class=\"wp-block-heading\">8. P\u0101radres\u0101cijas uz citiem t\u012bmek\u013ca resursiem<\/h4>\n\n\n\n<p>M\u016bsu lap\u0101 var b\u016bt saites uz cit\u0101m organiz\u0101cij\u0101m, partneriem vai soci\u0101lajos medijos. M\u0113s neatbildam par \u0161o tre\u0161o pu\u0161u priv\u0101tuma politik\u0101m \u2013 iesak\u0101m t\u0101s izlas\u012bt atsevi\u0161\u0137i.<\/p>\n\n\n\n<h4 class=\"wp-block-heading\">9. Priv\u0101tuma politikas izmai\u0146as<\/h4>\n\n\n\n<p>M\u0113s varam periodiski atjaunin\u0101t \u0161o politiku. Ja tas notiek, m\u0113s public\u0113sim jauno versiju un nor\u0101d\u012bsim p\u0113d\u0113j\u0101 atjaunin\u0101juma datumu.<br><br>P\u0113d\u0113j\u0101s izmai\u0146as veiktas: 2025. Gada 8. j\u016blij\u0101<\/p>","protected":false},"excerpt":{"rendered":"<p>1. Kas m\u0113s esam? M\u0113s esam biedr\u012bba \u201cMini-pitch\u201d, kura darbojas ar m\u0113r\u0137i veicin\u0101t jaunie\u0161u iesaisti, att\u012bst\u012bt sporta pieejam\u012bbu un uzlabot viet\u0113jo kopienu dz\u012bves kvalit\u0101ti caur sportu, izgl\u012bt\u012bbu un soci\u0101lu l\u012bdzdal\u012bbu. M\u0113s organiz\u0113jam pas\u0101kumus, rado\u0161as iniciat\u012bvas un sadarbojamies ar viet\u0113jiem un starptautiskiem partneriem, lai veidotu iek\u013caujo\u0161u un akt\u012bvu sabiedr\u012bbu. 2. K\u0101 sazin\u0101ties ar mums Ja jums [&hellip;]<\/p>\n","protected":false},"author":2,"featured_media":0,"parent":0,"menu_order":0,"comment_status":"closed","ping_status":"closed","template":"","meta":{"_acf_changed":false,"footnotes":""},"class_list":["post-600","page","type-page","status-publish","hentry"],"blocksy_meta":[],"acf":[],"_links":{"self":[{"href":"https:\/\/minipitch.lv\/en\/wp-json\/wp\/v2\/pages\/600","targetHints":{"allow":["GET"]}}],"collection":[{"href":"https:\/\/minipitch.lv\/en\/wp-json\/wp\/v2\/pages"}],"about":[{"href":"https:\/\/minipitch.lv\/en\/wp-json\/wp\/v2\/types\/page"}],"author":[{"embeddable":true,"href":"https:\/\/minipitch.lv\/en\/wp-json\/wp\/v2\/users\/2"}],"replies":[{"embeddable":true,"href":"https:\/\/minipitch.lv\/en\/wp-json\/wp\/v2\/comments?post=600"}],"version-history":[{"count":1,"href":"https:\/\/minipitch.lv\/en\/wp-json\/wp\/v2\/pages\/600\/revisions"}],"predecessor-version":[{"id":601,"href":"https:\/\/minipitch.lv\/en\/wp-json\/wp\/v2\/pages\/600\/revisions\/601"}],"wp:attachment":[{"href":"https:\/\/minipitch.lv\/en\/wp-json\/wp\/v2\/media?parent=600"}],"curies":[{"name":"wp","href":"https:\/\/api.w.org\/{rel}","templated":true}]}}