{"id":721,"date":"2025-09-16T22:47:38","date_gmt":"2025-09-16T19:47:38","guid":{"rendered":"https:\/\/minipitch.lv\/?page_id=721"},"modified":"2026-04-27T11:16:51","modified_gmt":"2026-04-27T08:16:51","slug":"vingrosana","status":"publish","type":"page","link":"https:\/\/minipitch.lv\/en\/veseliga-riga\/vingrosana\/","title":{"rendered":"Free STREET EXERCISING classes for people from 14 years"},"content":{"rendered":"<p><strong>IN DIFFERENT NEIGHBOURHOODS OF RIGA | FREE<\/strong><\/p>\n\n\n\n<div style=\"height:27px\" aria-hidden=\"true\" class=\"wp-block-spacer\"><\/div>\n\n\n\n<p>Everyone is welcome to join <strong>free street gymnastics classes for people 14 years and older in Riga!<\/strong> Training takes place outdoors and is suitable for beginners and those who are new to the sport. You will build strength and endurance, learn a variety of exercises with experienced coaches and gain new energy for everyday life. This is a great opportunity to meet like-minded people, spend time moving and learn how to train effectively using your own body weight. All you need is sports clothes and a willingness to participate, we'll take care of the rest.<\/p>\n\n\n<div class=\"gb-container gb-container-22175dda\">\n\n<div style=\"height:50px\" aria-hidden=\"true\" class=\"wp-block-spacer\"><\/div>\n\n<\/div>\n\n<div class=\"gb-grid-wrapper gb-grid-wrapper-186e0305\">\n<div class=\"gb-grid-column gb-grid-column-f79891e0\"><div class=\"gb-container gb-container-f79891e0\">\n\n<figure class=\"wp-block-image size-large\"><img loading=\"lazy\" decoding=\"async\" width=\"1024\" height=\"536\" src=\"https:\/\/minipitch.lv\/wp-content\/uploads\/2025\/09\/WhatsApp-Image-2025-09-16-at-14.50.09-2-1024x536.jpeg\" alt=\"\" class=\"wp-image-738\" srcset=\"https:\/\/minipitch.lv\/wp-content\/uploads\/2025\/09\/WhatsApp-Image-2025-09-16-at-14.50.09-2-1024x536.jpeg 1024w, https:\/\/minipitch.lv\/wp-content\/uploads\/2025\/09\/WhatsApp-Image-2025-09-16-at-14.50.09-2-300x157.jpeg 300w, https:\/\/minipitch.lv\/wp-content\/uploads\/2025\/09\/WhatsApp-Image-2025-09-16-at-14.50.09-2-768x402.jpeg 768w, https:\/\/minipitch.lv\/wp-content\/uploads\/2025\/09\/WhatsApp-Image-2025-09-16-at-14.50.09-2-1536x804.jpeg 1536w, https:\/\/minipitch.lv\/wp-content\/uploads\/2025\/09\/WhatsApp-Image-2025-09-16-at-14.50.09-2.jpeg 1600w\" sizes=\"auto, (max-width: 1024px) 100vw, 1024px\" \/><\/figure>\n\n<\/div><\/div>\n\n<div class=\"gb-grid-column gb-grid-column-41f1eb1f\"><div class=\"gb-container gb-container-41f1eb1f\">\n<div class=\"gb-container gb-container-a24bcfc5 gb-accordion\">\n<div class=\"gb-container gb-container-441447ea gb-accordion__item\" data-transition=\"slide\">\n\n<button class=\"gb-button gb-button-e24931ca gb-accordion__toggle\" id=\"gb-accordion-toggle-e24931ca\"><span class=\"gb-button-text\"><strong>TIMETABLE<\/strong><\/span><span class=\"gb-icon\"><svg xmlns=\"http:\/\/www.w3.org\/2000\/svg\" viewbox=\"0 0 448 512\" width=\"1em\" height=\"1em\" aria-hidden=\"true\" role=\"img\" class=\"gb-accordion__icon\"><path d=\"M207.029 381.476L12.686 187.132c-9.373-9.373-9.373-24.569 0-33.941l22.667-22.667c9.357-9.357 24.522-9.375 33.901-.04L224 284.505l154.745-154.021c9.379-9.335 24.544-9.317 33.901.04l22.667 22.667c9.373 9.373 9.373 24.569 0 33.941L240.971 381.476c-9.373 9.372-24.569 9.372-33.942 0z\" fill=\"currentColor\"><\/path><\/svg><svg xmlns=\"http:\/\/www.w3.org\/2000\/svg\" viewbox=\"0 0 448 512\" width=\"1em\" height=\"1em\" aria-hidden=\"true\" role=\"img\" class=\"gb-accordion__icon-open\"><path d=\"M240.971 130.524l194.343 194.343c9.373 9.373 9.373 24.569 0 33.941l-22.667 22.667c-9.357 9.357-24.522 9.375-33.901.04L224 227.495 69.255 381.516c-9.379 9.335-24.544 9.317-33.901-.04l-22.667-22.667c-9.373-9.373-9.373-24.569 0-33.941L207.03 130.525c9.372-9.373 24.568-9.373 33.941-.001z\" fill=\"currentColor\"><\/path><\/svg><\/span><\/button>\n\n\n<div id=\"gb-accordion-content-7cfd4026\" class=\"gb-accordion__content\"><div class=\"gb-container gb-container-7cfd4026\">\n\n<p class=\"has-text-align-left\">Current timetable\u00a0<strong>2026. gada apr\u012bl\u012b:<\/strong><\/p>\n\n\n\n<figure class=\"gb-block-image gb-block-image-f210c8c7\"><img loading=\"lazy\" decoding=\"async\" width=\"2048\" height=\"2560\" class=\"gb-image gb-image-f210c8c7\" src=\"https:\/\/minipitch.lv\/wp-content\/uploads\/2026\/03\/Vingrosana_grafiks_aprilis-scaled.jpg\" alt=\"\" title=\"Vingrosana_grafiks_aprilis\" srcset=\"https:\/\/minipitch.lv\/wp-content\/uploads\/2026\/03\/Vingrosana_grafiks_aprilis-scaled.jpg 2048w, https:\/\/minipitch.lv\/wp-content\/uploads\/2026\/03\/Vingrosana_grafiks_aprilis-240x300.jpg 240w, https:\/\/minipitch.lv\/wp-content\/uploads\/2026\/03\/Vingrosana_grafiks_aprilis-819x1024.jpg 819w, https:\/\/minipitch.lv\/wp-content\/uploads\/2026\/03\/Vingrosana_grafiks_aprilis-768x960.jpg 768w, https:\/\/minipitch.lv\/wp-content\/uploads\/2026\/03\/Vingrosana_grafiks_aprilis-1229x1536.jpg 1229w, https:\/\/minipitch.lv\/wp-content\/uploads\/2026\/03\/Vingrosana_grafiks_aprilis-1638x2048.jpg 1638w, https:\/\/minipitch.lv\/wp-content\/uploads\/2026\/03\/Vingrosana_grafiks_aprilis-10x12.jpg 10w\" sizes=\"auto, (max-width: 2048px) 100vw, 2048px\" \/><\/figure>\n\n<\/div><\/div>\n\n<div id=\"gb-accordion-content-4dd9542e\" class=\"gb-accordion__content\"><div class=\"gb-container gb-container-4dd9542e\">\n\n<p class=\"has-text-align-left\">Current timetable\u00a0<strong>2026. gada maij\u0101:<\/strong><\/p>\n\n\n\n<figure class=\"gb-block-image gb-block-image-194088c6\"><img loading=\"lazy\" decoding=\"async\" width=\"819\" height=\"1024\" class=\"gb-image gb-image-194088c6\" src=\"https:\/\/minipitch.lv\/wp-content\/uploads\/2026\/04\/Vingrosana_grafiks_aprilis-01-819x1024.jpg\" alt=\"\" title=\"Vingrosana_grafiks_aprilis-01\" srcset=\"https:\/\/minipitch.lv\/wp-content\/uploads\/2026\/04\/Vingrosana_grafiks_aprilis-01-819x1024.jpg 819w, https:\/\/minipitch.lv\/wp-content\/uploads\/2026\/04\/Vingrosana_grafiks_aprilis-01-240x300.jpg 240w, https:\/\/minipitch.lv\/wp-content\/uploads\/2026\/04\/Vingrosana_grafiks_aprilis-01-768x960.jpg 768w, https:\/\/minipitch.lv\/wp-content\/uploads\/2026\/04\/Vingrosana_grafiks_aprilis-01-1229x1536.jpg 1229w, https:\/\/minipitch.lv\/wp-content\/uploads\/2026\/04\/Vingrosana_grafiks_aprilis-01-1638x2048.jpg 1638w, https:\/\/minipitch.lv\/wp-content\/uploads\/2026\/04\/Vingrosana_grafiks_aprilis-01-10x12.jpg 10w, https:\/\/minipitch.lv\/wp-content\/uploads\/2026\/04\/Vingrosana_grafiks_aprilis-01-scaled.jpg 2048w\" sizes=\"auto, (max-width: 819px) 100vw, 819px\" \/><\/figure>\n\n<\/div><\/div>\n<\/div>\n\n<div class=\"gb-container gb-container-84d33b3a gb-accordion__item\" data-transition=\"slide\">\n\n<button class=\"gb-button gb-button-c70faff4 gb-accordion__toggle\" id=\"gb-accordion-toggle-c70faff4\"><span class=\"gb-button-text\"><strong>APPLY<\/strong><\/span><span class=\"gb-icon\"><svg xmlns=\"http:\/\/www.w3.org\/2000\/svg\" viewbox=\"0 0 448 512\" width=\"1em\" height=\"1em\" aria-hidden=\"true\" role=\"img\" class=\"gb-accordion__icon\"><path d=\"M207.029 381.476L12.686 187.132c-9.373-9.373-9.373-24.569 0-33.941l22.667-22.667c9.357-9.357 24.522-9.375 33.901-.04L224 284.505l154.745-154.021c9.379-9.335 24.544-9.317 33.901.04l22.667 22.667c9.373 9.373 9.373 24.569 0 33.941L240.971 381.476c-9.373 9.372-24.569 9.372-33.942 0z\" fill=\"currentColor\"><\/path><\/svg><svg xmlns=\"http:\/\/www.w3.org\/2000\/svg\" viewbox=\"0 0 448 512\" width=\"1em\" height=\"1em\" aria-hidden=\"true\" role=\"img\" class=\"gb-accordion__icon-open\"><path d=\"M240.971 130.524l194.343 194.343c9.373 9.373 9.373 24.569 0 33.941l-22.667 22.667c-9.357 9.357-24.522 9.375-33.901.04L224 227.495 69.255 381.516c-9.379 9.335-24.544 9.317-33.901-.04l-22.667-22.667c-9.373-9.373-9.373-24.569 0-33.941L207.03 130.525c9.372-9.373 24.568-9.373 33.941-.001z\" fill=\"currentColor\"><\/path><\/svg><\/span><\/button>\n\n\n<div id=\"gb-accordion-content-57032bc3\" class=\"gb-accordion__content\"><div class=\"gb-container gb-container-57032bc3\">\n\n<p class=\"has-text-align-left\">Apply, <strong>by filling in<\/strong> <strong>form<\/strong> Below.<\/p>\n\n\n\n<p class=\"has-text-align-left\">Places are limited, so please apply early. If you would like to register a friend, please fill in the application form for each participant separately. One participant can apply for a maximum of 10 classes.<\/p>\n\n\n\n<div style=\"height:32px\" aria-hidden=\"true\" class=\"wp-block-spacer\"><\/div>\n\n\n\n<a class=\"gb-button gb-button-fb6bf979 gb-button-text\" href=\"https:\/\/docs.google.com\/forms\/d\/e\/1FAIpQLSf5_0XEpqZk_oxAAHZgx3bB6EptZ7vzwx16dlH_pS4sc0gXmA\/viewform\" target=\"_blank\" rel=\"noopener noreferrer\"><strong>APPLY<\/strong><\/a>\n\n<\/div><\/div>\n<\/div>\n\n<div class=\"gb-container gb-container-e90cd54a gb-accordion__item\" data-transition=\"slide\">\n<div id=\"gb-accordion-content-0e16beed\" class=\"gb-accordion__content\"><div class=\"gb-container gb-container-0e16beed\">\n\n<p class=\"has-text-align-left\">Current timetable&nbsp;<strong>September:<\/strong><\/p>\n\n\n\n<figure class=\"wp-block-image size-large\"><img loading=\"lazy\" decoding=\"async\" width=\"822\" height=\"1024\" src=\"https:\/\/minipitch.lv\/wp-content\/uploads\/2025\/09\/WhatsApp-Image-2025-09-16-at-16.34.01-822x1024.jpeg\" alt=\"\" class=\"wp-image-739\" srcset=\"https:\/\/minipitch.lv\/wp-content\/uploads\/2025\/09\/WhatsApp-Image-2025-09-16-at-16.34.01-822x1024.jpeg 822w, https:\/\/minipitch.lv\/wp-content\/uploads\/2025\/09\/WhatsApp-Image-2025-09-16-at-16.34.01-241x300.jpeg 241w, https:\/\/minipitch.lv\/wp-content\/uploads\/2025\/09\/WhatsApp-Image-2025-09-16-at-16.34.01-768x956.jpeg 768w, https:\/\/minipitch.lv\/wp-content\/uploads\/2025\/09\/WhatsApp-Image-2025-09-16-at-16.34.01.jpeg 1084w\" sizes=\"auto, (max-width: 822px) 100vw, 822px\" \/><\/figure>\n\n<\/div><\/div>\n<\/div>\n<\/div>\n<\/div><\/div>\n<\/div>\n\n<div class=\"gb-container gb-container-48477bfe\">\n\n<div style=\"height:39px\" aria-hidden=\"true\" class=\"wp-block-spacer\"><\/div>\n\n\n\n<p>Feel free to contact us with any questions! <\/p>\n\n\n\n<p><strong>veselariga@lidlarena.lv |<\/strong> <strong>+371 22543770<\/strong><\/p>\n\n\n\n<div style=\"height:29px\" aria-hidden=\"true\" class=\"wp-block-spacer\"><\/div>\n\n\n\n<a class=\"gb-button gb-button-40a268ac gb-button-text\" href=\"https:\/\/docs.google.com\/forms\/d\/e\/1FAIpQLSf5_0XEpqZk_oxAAHZgx3bB6EptZ7vzwx16dlH_pS4sc0gXmA\/viewform\" target=\"_blank\" rel=\"noopener noreferrer\"><strong>APPLY FOR GYMNASTICS<\/strong><\/a>\n\n<\/div>\n\n\n<div style=\"height:32px\" aria-hidden=\"true\" class=\"wp-block-spacer\"><\/div>\n\n\n\n<blockquote class=\"wp-block-quote is-layout-flow wp-block-quote-is-layout-flow\">\n<p>The service is provided by the European Social Fund Plus project No 4.1.2.2\/1\/24\/I\/020 \u201cWe for a Healthy Riga!\u201d .<\/p>\n<\/blockquote>","protected":false},"excerpt":{"rendered":"<p>DA\u017d\u0100D\u0100S R\u012aGAS APKAIM\u0112S | BEZ MAKSAS Aicin\u0101m ikvienu pievienoties bezmaksas ielu vingro\u0161anas nodarb\u012bb\u0101m person\u0101m no 14 gadiem R\u012bg\u0101! Treni\u0146i notiek br\u012bv\u0101 dab\u0101 un tie ir piem\u0113roti gan ies\u0101c\u0113jiem, gan tiem, kas ar \u0161o sporta veidu jau ir uz &#8220;Tu&#8221;. Nodarb\u012bb\u0101s stiprin\u0101si sp\u0113ku un iztur\u012bbu, apg\u016bsi da\u017e\u0101dus vingrin\u0101jumus kop\u0101 ar pieredz\u0113ju\u0161iem treneriem un ieg\u016bsi jaunu ener\u0123iju [&hellip;]<\/p>\n","protected":false},"author":2,"featured_media":0,"parent":1000,"menu_order":0,"comment_status":"closed","ping_status":"closed","template":"","meta":{"_acf_changed":false,"footnotes":""},"class_list":["post-721","page","type-page","status-publish","hentry"],"blocksy_meta":[],"acf":[],"_links":{"self":[{"href":"https:\/\/minipitch.lv\/en\/wp-json\/wp\/v2\/pages\/721","targetHints":{"allow":["GET"]}}],"collection":[{"href":"https:\/\/minipitch.lv\/en\/wp-json\/wp\/v2\/pages"}],"about":[{"href":"https:\/\/minipitch.lv\/en\/wp-json\/wp\/v2\/types\/page"}],"author":[{"embeddable":true,"href":"https:\/\/minipitch.lv\/en\/wp-json\/wp\/v2\/users\/2"}],"replies":[{"embeddable":true,"href":"https:\/\/minipitch.lv\/en\/wp-json\/wp\/v2\/comments?post=721"}],"version-history":[{"count":36,"href":"https:\/\/minipitch.lv\/en\/wp-json\/wp\/v2\/pages\/721\/revisions"}],"predecessor-version":[{"id":1144,"href":"https:\/\/minipitch.lv\/en\/wp-json\/wp\/v2\/pages\/721\/revisions\/1144"}],"up":[{"embeddable":true,"href":"https:\/\/minipitch.lv\/en\/wp-json\/wp\/v2\/pages\/1000"}],"wp:attachment":[{"href":"https:\/\/minipitch.lv\/en\/wp-json\/wp\/v2\/media?parent=721"}],"curies":[{"name":"wp","href":"https:\/\/api.w.org\/{rel}","templated":true}]}}